{"id":315,"date":"2021-12-15T20:43:09","date_gmt":"2021-12-15T19:43:09","guid":{"rendered":"https:\/\/hotel-cristal.europezinal.ch\/contact\/"},"modified":"2025-07-14T14:42:17","modified_gmt":"2025-07-14T12:42:17","slug":"kontakt","status":"publish","type":"page","link":"https:\/\/cristal-grimentz.ch\/de\/kontakt\/","title":{"rendered":"Kontakt"},"content":{"rendered":"\n<div class=\"wp-block-group container--narrow\"><div class=\"wp-block-group__inner-container is-layout-flow wp-block-group-is-layout-flow\">\n\n<div id=\"banner-block_c46ad9f01a9f552e33e8cc39d3dc9053\" class=\"c-block-title-page text--center mb-xs-30\">\n    <h1 class=\"title__page\"><strong>Kontakt &#038; Jobs<\/strong><\/h1>\n    <\/div>\n<\/div><\/div>\n\n\n\n<div class=\"wp-block-group container--narrow\"><div class=\"wp-block-group__inner-container is-layout-flow wp-block-group-is-layout-flow\">\n\n<div id=\"block-block_ff06d81cfe949483b7f965cbeb98c330\" class=\"c-block-contact my-md-120 mb-xs-70\">\n   \n    <div class=\"c-block-contact__details\">\n        <a href=\"https:\/\/www.google.com\/maps\/place\/Rte+de+Moiry+64,+3961+Grimentz\/@46.174117,7.5697202,17z\/data=!3m1!4b1!4m5!3m4!1s0x478f25146c8975d3:0xc2debb7e8611ccde!8m2!3d46.174117!4d7.5719089\" target=\"_blank\" class=\"address\">Rte de Moiry 64, 3961, Grimentz, CH<\/a>\n        <a href=\"tel:+41274754306\" target=\"_blank\" class=\"phone\">+41 27 475 43 06<\/a>\n        <a href=\"http:\/\/info@cristal-grimentz.ch\" target=\"_blank\" class=\"email\">info@cristal-grimentz.ch<\/a>\n    <\/div>\n    <div class=\"c-block-contact__map\">\n        <iframe src=\"https:\/\/www.google.com\/maps\/embed?pb=!1m18!1m12!1m3!1d2762.8261170653577!2d7.569720215581395!3d46.17411697911577!2m3!1f0!2f0!3f0!3m2!1i1024!2i768!4f13.1!3m3!1m2!1s0x478f25146c8975d3%3A0xc2debb7e8611ccde!2sRte%20de%20Moiry%2064%2C%203961%20Grimentz!5e0!3m2!1sen!2sch!4v1643079502512!5m2!1sen!2sch\" width=\"1030\" height=\"560\" style=\"border:0;\" allowfullscreen=\"\" loading=\"lazy\"><\/iframe>    <\/div>\n       \n<\/div>\n<\/div><\/div>\n\n\n\n<div class=\"wp-block-buttons is-content-justification-center is-layout-flex wp-container-core-buttons-is-layout-16018d1d wp-block-buttons-is-layout-flex\">\n<div class=\"wp-block-button\"><a class=\"wp-block-button__link wp-element-button\" href=\"https:\/\/www.valdanniviers.ch\/fr\/Z15419\/remontees-mecaniques-grimentz-zinal\">Zu den Stellenangeboten<\/a><\/div>\n<\/div>\n\n\n\n<div class=\"wp-block-group mt-md-100\"><div class=\"wp-block-group__inner-container is-layout-flow wp-block-group-is-layout-flow\">\n<h2 class=\"wp-block-heading has-text-align-center mb-xs-40\"><strong>Zugang<\/strong><\/h2>\n\n\n\n<div class=\"wp-block-columns is-layout-flex wp-container-core-columns-is-layout-9d6595d7 wp-block-columns-is-layout-flex\">\n<div class=\"wp-block-column is-layout-flow wp-block-column-is-layout-flow\">\n\n<div id=\"block-block_b9ecb3122beaa9dafaa97bf7e882fb67\" class=\"c-block-service mb-md-60 mb-xs-40\">\n   \n    <div class=\"c-block-service__img\">\n        <img decoding=\"async\" src=\"https:\/\/cristal-grimentz.ch\/wp-content\/uploads\/sites\/3\/2021\/12\/hotel-europe-zinal-contact-acces-picto-bus.svg\" alt=\"\">\n    <\/div>\n    <div class=\"c-block-service__title\">\n        <h2 class=\"title__small\">Bus<\/h2>\n    <\/div>\n    <div class=\"c-block-service__content\">\n        <p style=\"text-align: center;\"><strong>Von Siders aus<\/strong><br \/>\nDie Postautos bieten eine Verbindung bis nach Anniviers.<br \/>\nVerbindung bis Chalais, dann Seilbahn nach Vercorin (7 Min.)<\/p>\n    <\/div>\n        <div class=\"c-block-service__cta\">\n        <a href=\"http:\/\/www.ts-ar.ch\/lignes-regulieres\/\" target=\"_blank\" class=\"btn btn-primary\">Fahrpl\u00e4ne der Busse<\/a>\n    <\/div>\n       \n<\/div>\n<\/div>\n\n\n\n<div class=\"wp-block-column is-layout-flow wp-block-column-is-layout-flow\">\n\n<div id=\"block-block_5f66abf71d8071c395d2f37f8f120966\" class=\"c-block-service mb-md-60 mb-xs-40\">\n   \n    <div class=\"c-block-service__img\">\n        <img decoding=\"async\" src=\"https:\/\/cristal-grimentz.ch\/wp-content\/uploads\/sites\/3\/2021\/12\/hotel-europe-zinal-contact-acces-picto-taxi.svg\" alt=\"\">\n    <\/div>\n    <div class=\"c-block-service__title\">\n        <h2 class=\"title__small\">Taxi<\/h2>\n    <\/div>\n    <div class=\"c-block-service__content\">\n        <p style=\"text-align: center;\"><strong>Kontakt<\/strong><br \/>\nMichel Walter<br \/>\nRoute de la Fusion 3<br \/>\n3961 Vissoie<br \/>\n<a href=\"tel:+41274756573\" target=\"_blank\" rel=\"noopener\">+41 27 475 65 73<\/a><br \/>\n<a href=\"tel:+41796286111\" target=\"_blank\" rel=\"noopener\">+41 79 628 61 11<\/a><br \/>\n<a href=\"mailto:info@taxianniviers.ch\" target=\"_blank\" rel=\"noopener\">info@taxianniviers.ch<\/a><br \/>\n<a href=\"http:\/\/www.taxianniviers.ch\" target=\"_blank\" rel=\"noopener\">www.taxianniviers.ch<\/a><\/p>\n    <\/div>\n       \n<\/div>\n<\/div>\n\n\n\n<div class=\"wp-block-column is-layout-flow wp-block-column-is-layout-flow\">\n\n<div id=\"block-block_b88d295e4e47e30e63f477ec9131a8e0\" class=\"c-block-service mb-md-60 mb-xs-40\">\n   \n    <div class=\"c-block-service__img\">\n        <img decoding=\"async\" src=\"https:\/\/cristal-grimentz.ch\/wp-content\/uploads\/sites\/3\/2021\/12\/hotel-europe-zinal-contact-acces-picto-voiture-1.svg\" alt=\"\">\n    <\/div>\n    <div class=\"c-block-service__title\">\n        <h2 class=\"title__small\">Auto<\/h2>\n    <\/div>\n    <div class=\"c-block-service__content\">\n        <p style=\"text-align: center;\"><strong>Von der franz\u00f6sischsprachigen Schweiz aus:<\/strong><br \/>\n&#8211; Fahren Sie auf der Autobahn A9 \u00fcber Lausanne bis nach Sierre, dann weiter in Richtung Val d&#8217;Anniviers.<br \/>\n&#8211; Der Col de la Forclaz verbindet die Haut-Savoie mit dem Wallis durch das Trient-Tal \u00fcber Chamonix.<\/p>\n<p style=\"text-align: center;\"><strong>Von der Deutschschweiz aus:<\/strong><br \/>\n&#8211; Nehmen Sie die A9 \u00fcber Freiburg via Vevey oder den Zug mit der Linie (Kandersteg-Goppenstein) durch den L\u00f6tschbergtunnel bis Sierre, dann weiter in Richtung Val d&#8217;Anniviers.<\/p>\n<p style=\"text-align: center;\"><strong>Von Italien aus:<\/strong><br \/>\n&#8211; Fahren Sie \u00fcber den Simplon oder den Gro\u00dfen St. Bernhard und dessen Stra\u00dfentunnel auf die A9 bis Sierrre, dann weiter in Richtung Val d&#8217;Anniviers.<\/p>\n    <\/div>\n       \n<\/div>\n<\/div>\n<\/div>\n<\/div><\/div>\n","protected":false},"excerpt":{"rendered":"<p>Zugang<\/p>\n","protected":false},"author":1,"featured_media":0,"parent":0,"menu_order":0,"comment_status":"closed","ping_status":"closed","template":"","meta":{"_acf_changed":false,"footnotes":""},"class_list":["post-315","page","type-page","status-publish","hentry"],"acf":[],"yoast_head":"<!-- This site is optimized with the Yoast SEO plugin v26.1.1 - https:\/\/yoast.com\/wordpress\/plugins\/seo\/ -->\n<title>Kontaktieren uns, Fragen zu unseren Unterk\u00fcnften? |\u00a0Hotel Cristal<\/title>\n<meta name=\"description\" content=\"Wenn Sie Fragen haben, wenden Sie sich bitte direkt an uns, um mehr \u00fcber unsere Angebote oder unsere Unterk\u00fcnfte im Hotel Cristal zu erfahren!\" \/>\n<meta name=\"robots\" content=\"index, follow, max-snippet:-1, max-image-preview:large, max-video-preview:-1\" \/>\n<link rel=\"canonical\" href=\"https:\/\/cristal-grimentz.ch\/de\/kontakt\/\" \/>\n<meta property=\"og:locale\" content=\"de_DE\" \/>\n<meta property=\"og:type\" content=\"article\" \/>\n<meta property=\"og:title\" content=\"Kontaktieren uns, Fragen zu unseren Unterk\u00fcnften? |\u00a0Hotel Cristal\" \/>\n<meta property=\"og:description\" content=\"Wenn Sie Fragen haben, wenden Sie sich bitte direkt an uns, um mehr \u00fcber unsere Angebote oder unsere Unterk\u00fcnfte im Hotel Cristal zu erfahren!\" \/>\n<meta property=\"og:url\" content=\"https:\/\/cristal-grimentz.ch\/de\/kontakt\/\" \/>\n<meta property=\"og:site_name\" content=\"Hotel Cristal Grimentz\" \/>\n<meta property=\"article:modified_time\" content=\"2025-07-14T12:42:17+00:00\" \/>\n<meta name=\"twitter:card\" content=\"summary_large_image\" \/>\n<meta name=\"twitter:label1\" content=\"Gesch\u00e4tzte Lesezeit\" \/>\n\t<meta name=\"twitter:data1\" content=\"1\u00a0Minute\" \/>\n<script type=\"application\/ld+json\" class=\"yoast-schema-graph\">{\"@context\":\"https:\/\/schema.org\",\"@graph\":[{\"@type\":\"WebPage\",\"@id\":\"https:\/\/cristal-grimentz.ch\/de\/kontakt\/\",\"url\":\"https:\/\/cristal-grimentz.ch\/de\/kontakt\/\",\"name\":\"Kontaktieren uns, Fragen zu unseren Unterk\u00fcnften? |\u00a0Hotel Cristal\",\"isPartOf\":{\"@id\":\"https:\/\/cristal-grimentz.ch\/#website\"},\"datePublished\":\"2021-12-15T19:43:09+00:00\",\"dateModified\":\"2025-07-14T12:42:17+00:00\",\"description\":\"Wenn Sie Fragen haben, wenden Sie sich bitte direkt an uns, um mehr \u00fcber unsere Angebote oder unsere Unterk\u00fcnfte im Hotel Cristal zu erfahren!\",\"breadcrumb\":{\"@id\":\"https:\/\/cristal-grimentz.ch\/de\/kontakt\/#breadcrumb\"},\"inLanguage\":\"de\",\"potentialAction\":[{\"@type\":\"ReadAction\",\"target\":[\"https:\/\/cristal-grimentz.ch\/de\/kontakt\/\"]}]},{\"@type\":\"BreadcrumbList\",\"@id\":\"https:\/\/cristal-grimentz.ch\/de\/kontakt\/#breadcrumb\",\"itemListElement\":[{\"@type\":\"ListItem\",\"position\":1,\"name\":\"Accueil\",\"item\":\"https:\/\/cristal-grimentz.ch\/de\/\"},{\"@type\":\"ListItem\",\"position\":2,\"name\":\"Kontakt\"}]},{\"@type\":\"WebSite\",\"@id\":\"https:\/\/cristal-grimentz.ch\/#website\",\"url\":\"https:\/\/cristal-grimentz.ch\/\",\"name\":\"Hotel Cristal Grimentz\",\"description\":\"SWISS RIDERS LODGE\",\"publisher\":{\"@id\":\"https:\/\/cristal-grimentz.ch\/#organization\"},\"potentialAction\":[{\"@type\":\"SearchAction\",\"target\":{\"@type\":\"EntryPoint\",\"urlTemplate\":\"https:\/\/cristal-grimentz.ch\/?s={search_term_string}\"},\"query-input\":{\"@type\":\"PropertyValueSpecification\",\"valueRequired\":true,\"valueName\":\"search_term_string\"}}],\"inLanguage\":\"de\"},{\"@type\":\"Organization\",\"@id\":\"https:\/\/cristal-grimentz.ch\/#organization\",\"name\":\"Hotel Cristal Grimentz\",\"url\":\"https:\/\/cristal-grimentz.ch\/\",\"logo\":{\"@type\":\"ImageObject\",\"inLanguage\":\"de\",\"@id\":\"https:\/\/cristal-grimentz.ch\/#\/schema\/logo\/image\/\",\"url\":\"https:\/\/cristal-grimentz.ch\/wp-content\/uploads\/sites\/3\/2022\/01\/hotel-cristal-grimentz-logo-header.svg\",\"contentUrl\":\"https:\/\/cristal-grimentz.ch\/wp-content\/uploads\/sites\/3\/2022\/01\/hotel-cristal-grimentz-logo-header.svg\",\"width\":200,\"height\":90,\"caption\":\"Hotel Cristal Grimentz\"},\"image\":{\"@id\":\"https:\/\/cristal-grimentz.ch\/#\/schema\/logo\/image\/\"}}]}<\/script>\n<!-- \/ Yoast SEO plugin. -->","yoast_head_json":{"title":"Kontaktieren uns, Fragen zu unseren Unterk\u00fcnften? |\u00a0Hotel Cristal","description":"Wenn Sie Fragen haben, wenden Sie sich bitte direkt an uns, um mehr \u00fcber unsere Angebote oder unsere Unterk\u00fcnfte im Hotel Cristal zu erfahren!","robots":{"index":"index","follow":"follow","max-snippet":"max-snippet:-1","max-image-preview":"max-image-preview:large","max-video-preview":"max-video-preview:-1"},"canonical":"https:\/\/cristal-grimentz.ch\/de\/kontakt\/","og_locale":"de_DE","og_type":"article","og_title":"Kontaktieren uns, Fragen zu unseren Unterk\u00fcnften? |\u00a0Hotel Cristal","og_description":"Wenn Sie Fragen haben, wenden Sie sich bitte direkt an uns, um mehr \u00fcber unsere Angebote oder unsere Unterk\u00fcnfte im Hotel Cristal zu erfahren!","og_url":"https:\/\/cristal-grimentz.ch\/de\/kontakt\/","og_site_name":"Hotel Cristal Grimentz","article_modified_time":"2025-07-14T12:42:17+00:00","twitter_card":"summary_large_image","twitter_misc":{"Gesch\u00e4tzte Lesezeit":"1\u00a0Minute"},"schema":{"@context":"https:\/\/schema.org","@graph":[{"@type":"WebPage","@id":"https:\/\/cristal-grimentz.ch\/de\/kontakt\/","url":"https:\/\/cristal-grimentz.ch\/de\/kontakt\/","name":"Kontaktieren uns, Fragen zu unseren Unterk\u00fcnften? |\u00a0Hotel Cristal","isPartOf":{"@id":"https:\/\/cristal-grimentz.ch\/#website"},"datePublished":"2021-12-15T19:43:09+00:00","dateModified":"2025-07-14T12:42:17+00:00","description":"Wenn Sie Fragen haben, wenden Sie sich bitte direkt an uns, um mehr \u00fcber unsere Angebote oder unsere Unterk\u00fcnfte im Hotel Cristal zu erfahren!","breadcrumb":{"@id":"https:\/\/cristal-grimentz.ch\/de\/kontakt\/#breadcrumb"},"inLanguage":"de","potentialAction":[{"@type":"ReadAction","target":["https:\/\/cristal-grimentz.ch\/de\/kontakt\/"]}]},{"@type":"BreadcrumbList","@id":"https:\/\/cristal-grimentz.ch\/de\/kontakt\/#breadcrumb","itemListElement":[{"@type":"ListItem","position":1,"name":"Accueil","item":"https:\/\/cristal-grimentz.ch\/de\/"},{"@type":"ListItem","position":2,"name":"Kontakt"}]},{"@type":"WebSite","@id":"https:\/\/cristal-grimentz.ch\/#website","url":"https:\/\/cristal-grimentz.ch\/","name":"Hotel Cristal Grimentz","description":"SWISS RIDERS LODGE","publisher":{"@id":"https:\/\/cristal-grimentz.ch\/#organization"},"potentialAction":[{"@type":"SearchAction","target":{"@type":"EntryPoint","urlTemplate":"https:\/\/cristal-grimentz.ch\/?s={search_term_string}"},"query-input":{"@type":"PropertyValueSpecification","valueRequired":true,"valueName":"search_term_string"}}],"inLanguage":"de"},{"@type":"Organization","@id":"https:\/\/cristal-grimentz.ch\/#organization","name":"Hotel Cristal Grimentz","url":"https:\/\/cristal-grimentz.ch\/","logo":{"@type":"ImageObject","inLanguage":"de","@id":"https:\/\/cristal-grimentz.ch\/#\/schema\/logo\/image\/","url":"https:\/\/cristal-grimentz.ch\/wp-content\/uploads\/sites\/3\/2022\/01\/hotel-cristal-grimentz-logo-header.svg","contentUrl":"https:\/\/cristal-grimentz.ch\/wp-content\/uploads\/sites\/3\/2022\/01\/hotel-cristal-grimentz-logo-header.svg","width":200,"height":90,"caption":"Hotel Cristal Grimentz"},"image":{"@id":"https:\/\/cristal-grimentz.ch\/#\/schema\/logo\/image\/"}}]}},"_links":{"self":[{"href":"https:\/\/cristal-grimentz.ch\/de\/wp-json\/wp\/v2\/pages\/315","targetHints":{"allow":["GET"]}}],"collection":[{"href":"https:\/\/cristal-grimentz.ch\/de\/wp-json\/wp\/v2\/pages"}],"about":[{"href":"https:\/\/cristal-grimentz.ch\/de\/wp-json\/wp\/v2\/types\/page"}],"author":[{"embeddable":true,"href":"https:\/\/cristal-grimentz.ch\/de\/wp-json\/wp\/v2\/users\/1"}],"replies":[{"embeddable":true,"href":"https:\/\/cristal-grimentz.ch\/de\/wp-json\/wp\/v2\/comments?post=315"}],"version-history":[{"count":17,"href":"https:\/\/cristal-grimentz.ch\/de\/wp-json\/wp\/v2\/pages\/315\/revisions"}],"predecessor-version":[{"id":1847,"href":"https:\/\/cristal-grimentz.ch\/de\/wp-json\/wp\/v2\/pages\/315\/revisions\/1847"}],"wp:attachment":[{"href":"https:\/\/cristal-grimentz.ch\/de\/wp-json\/wp\/v2\/media?parent=315"}],"curies":[{"name":"wp","href":"https:\/\/api.w.org\/{rel}","templated":true}]}}